{"id":1694,"date":"2025-11-17T00:02:12","date_gmt":"2025-11-17T00:02:12","guid":{"rendered":"https:\/\/AwhiTuCollective.nz\/?page_id=1694"},"modified":"2025-11-20T08:54:22","modified_gmt":"2025-11-20T08:54:22","slug":"awhitu-hauora","status":"publish","type":"page","link":"https:\/\/AwhituCollective.nz\/index.php\/awhitu-hauora\/","title":{"rendered":"\u0100whitu Collective Hauora"},"content":{"rendered":"\n<figure class=\"wp-block-image aligncenter size-medium is-resized\"><img loading=\"lazy\" decoding=\"async\" width=\"245\" height=\"300\" src=\"https:\/\/awhitucollective.nz\/wp-content\/uploads\/2025\/11\/Awhitu-CollectiveHauoraLogo-245x300.jpg\" alt=\"\" class=\"wp-image-1733\" style=\"width:333px;height:auto\" srcset=\"https:\/\/awhitucollective.nz\/wp-content\/uploads\/2025\/11\/Awhitu-CollectiveHauoraLogo-245x300.jpg 245w, https:\/\/awhitucollective.nz\/wp-content\/uploads\/2025\/11\/Awhitu-CollectiveHauoraLogo-837x1024.jpg 837w, https:\/\/awhitucollective.nz\/wp-content\/uploads\/2025\/11\/Awhitu-CollectiveHauoraLogo-768x939.jpg 768w, https:\/\/awhitucollective.nz\/wp-content\/uploads\/2025\/11\/Awhitu-CollectiveHauoraLogo-1256x1536.jpg 1256w, https:\/\/awhitucollective.nz\/wp-content\/uploads\/2025\/11\/Awhitu-CollectiveHauoraLogo.jpg 1594w\" sizes=\"auto, (max-width: 245px) 100vw, 245px\" \/><\/figure>\n\n\n\n<blockquote class=\"wp-block-quote alignfull is-layout-flow wp-block-quote-is-layout-flow\">\n<div class=\"wp-block-group alignfull has-base-color has-contrast-background-color has-text-color has-background has-global-padding is-layout-constrained wp-container-core-group-is-layout-ef3d885c wp-block-group-is-layout-constrained\" style=\"margin-top:0;margin-bottom:0;padding-top:var(--wp--preset--spacing--60);padding-right:var(--wp--preset--spacing--60);padding-bottom:var(--wp--preset--spacing--60);padding-left:var(--wp--preset--spacing--60)\">\n<div class=\"wp-block-group has-global-padding is-layout-constrained wp-block-group-is-layout-constrained\">\n<p class=\"has-text-align-center has-base-color has-text-color has-heading-font-family has-x-large-font-size\" style=\"line-height:1.2\"><em>He aha te mea nui?<\/em>  <br><em>He tangata! He tangata! He tangata!<\/em><\/p>\n\n\n\n<div style=\"height:var(--wp--preset--spacing--10)\" aria-hidden=\"true\" class=\"wp-block-spacer\"><\/div>\n\n\n\n<div class=\"wp-block-group is-vertical is-content-justification-center is-nowrap is-layout-flex wp-container-core-group-is-layout-2dc08cea wp-block-group-is-layout-flex\">\n<p class=\"has-text-align-center\" style=\"margin-top:var(--wp--preset--spacing--10);margin-bottom:0\">What is the greatest thing?  It is man!  It is man!  It is man!<\/p>\n<\/div>\n<\/div>\n<\/div>\n<\/blockquote>\n\n\n\n<div class=\"wp-block-columns alignwide is-layout-flex wp-container-core-columns-is-layout-28f84493 wp-block-columns-is-layout-flex\">\n<div class=\"wp-block-column is-vertically-aligned-center is-layout-flow wp-block-column-is-layout-flow\">\n<figure class=\"wp-block-image size-large is-resized\"><img loading=\"lazy\" decoding=\"async\" width=\"1024\" height=\"779\" src=\"https:\/\/awhitucollective.nz\/wp-content\/uploads\/2025\/01\/Hauora-Treatment-room-2-1024x779.jpg\" alt=\"\" class=\"wp-image-1397\" style=\"width:529px;height:auto\" srcset=\"https:\/\/awhitucollective.nz\/wp-content\/uploads\/2025\/01\/Hauora-Treatment-room-2-1024x779.jpg 1024w, https:\/\/awhitucollective.nz\/wp-content\/uploads\/2025\/01\/Hauora-Treatment-room-2-300x228.jpg 300w, https:\/\/awhitucollective.nz\/wp-content\/uploads\/2025\/01\/Hauora-Treatment-room-2-768x585.jpg 768w, https:\/\/awhitucollective.nz\/wp-content\/uploads\/2025\/01\/Hauora-Treatment-room-2.jpg 1080w\" sizes=\"auto, (max-width: 1024px) 100vw, 1024px\" \/><\/figure>\n<\/div>\n\n\n\n<div class=\"wp-block-column is-layout-flow wp-block-column-is-layout-flow\">\n<h2 class=\"wp-block-heading\">Discover Quality of Life<\/h2>\n\n\n\n<p>The \u0100whitu Collective Hauora, Wellbeing and Education Centre seeks to be a transformational experience enhancing the life and wellness of individuals and the surrounding community.<\/p>\n\n\n\n<p>Taking a proactive and informed approach to understanding your body, identifying areas that need balance, and consciously choosing your wellness path empowers you to make choices that support both physical and mental well-being.<\/p>\n\n\n\n<p>Recognising this, \u0100whitu Hauora collaborates with a range of Hauora-Wellbeing practitioners, creating opportunity for you to reconnect vital elements necessary for good health.<\/p>\n<\/div>\n<\/div>\n\n\n\n<div style=\"height:40px\" aria-hidden=\"true\" class=\"wp-block-spacer\"><\/div>\n\n\n\n<div class=\"wp-block-columns alignwide is-layout-flex wp-container-core-columns-is-layout-28f84493 wp-block-columns-is-layout-flex\">\n<div class=\"wp-block-column is-vertically-aligned-center is-layout-flow wp-block-column-is-layout-flow\">\n<h2 class=\"wp-block-heading\">Connecting mind, body <br>and spirit<\/h2>\n\n\n\n<p>The connection of mind, body and spirit can become lost in today&#8217;s modern world. That is why one of the services we offer is membership to our \u0100whitu Collective Hauora.<\/p>\n\n\n\n<p>Our Hauora is embraced by Tikanga which requires taking a holistic approach to healing. This involves considering a clients Wairua (spirit), Hinengaro (emotional), Tinana (body), and Whanau (relationship) dimensions and how they interact with te Taiao (the environment).<\/p>\n\n\n\n<p>Together Rongoa, a customary approach to health, and complementary modalities allow all people to reach their full potential and enhance their enjoyment of life.<\/p>\n\n\n\n<p>To find out when practitioners will be in the Hauora <a href=\"https:\/\/awhitucollective.nz\/#awhitucalendar\">click over to our \u0100whitu Calendar .<\/a><\/p>\n\n\n\n<p>If you would like to become a member of \u0100whitu Collective Hauora and begin your health and wellness journey, come talk to us.<\/p>\n\n\n\n<p class=\"has-small-font-size\">Photo credit: Ukaipo Native Apothecaries<\/p>\n\n\n\n<div class=\"wp-block-buttons is-layout-flex wp-block-buttons-is-layout-flex\">\n<div class=\"wp-block-button\"><a class=\"wp-block-button__link wp-element-button\" href=\"https:\/\/awhitucollective.nz\/index.php\/contact-awhi-tu-collective\/\">Email Us<\/a><\/div>\n<\/div>\n<\/div>\n\n\n\n<div class=\"wp-block-column is-vertically-aligned-center is-layout-flow wp-block-column-is-layout-flow\">\n<figure class=\"wp-block-image aligncenter size-large is-resized\"><img loading=\"lazy\" decoding=\"async\" width=\"768\" height=\"1024\" src=\"https:\/\/awhitucollective.nz\/wp-content\/uploads\/2025\/07\/IMG_3822-768x1024.jpeg\" alt=\"\" class=\"wp-image-1479\" style=\"width:501px;height:auto\" srcset=\"https:\/\/awhitucollective.nz\/wp-content\/uploads\/2025\/07\/IMG_3822-768x1024.jpeg 768w, https:\/\/awhitucollective.nz\/wp-content\/uploads\/2025\/07\/IMG_3822-225x300.jpeg 225w, https:\/\/awhitucollective.nz\/wp-content\/uploads\/2025\/07\/IMG_3822-1152x1536.jpeg 1152w, https:\/\/awhitucollective.nz\/wp-content\/uploads\/2025\/07\/IMG_3822-1536x2048.jpeg 1536w, https:\/\/awhitucollective.nz\/wp-content\/uploads\/2025\/07\/IMG_3822-scaled.jpeg 1920w\" sizes=\"auto, (max-width: 768px) 100vw, 768px\" \/><\/figure>\n<\/div>\n<\/div>\n\n\n\n<div class=\"wp-block-group alignwide is-content-justification-center is-nowrap is-layout-flex wp-container-core-group-is-layout-a30da902 wp-block-group-is-layout-flex\" style=\"margin-top:0;margin-bottom:0;padding-top:var(--wp--preset--spacing--50);padding-right:var(--wp--preset--spacing--50);padding-bottom:var(--wp--preset--spacing--50);padding-left:var(--wp--preset--spacing--50)\">\n<h1 class=\"wp-block-heading alignwide has-text-align-center has-x-large-font-size\" id=\"hauora-practitioners\"><em>\u0100whitu Collective Hauora <\/em><br><em>provides practitioners the space to focus on <\/em><br><em>the wholeness of your wellbeing.\t\t<\/em><\/h1>\n<\/div>\n\n\n\n<div class=\"wp-block-columns alignwide is-layout-flex wp-container-core-columns-is-layout-28f84493 wp-block-columns-is-layout-flex\">\n<div class=\"wp-block-column is-vertically-aligned-center is-layout-flow wp-block-column-is-layout-flow\">\n<figure class=\"wp-block-image size-full is-resized\"><img loading=\"lazy\" decoding=\"async\" width=\"500\" height=\"360\" src=\"https:\/\/awhitucollective.nz\/wp-content\/uploads\/2025\/11\/Energy-Healing-Bars-of-consciousness-Henderson-NV.webp\" alt=\"\" class=\"wp-image-1741\" style=\"width:529px;height:auto\" srcset=\"https:\/\/awhitucollective.nz\/wp-content\/uploads\/2025\/11\/Energy-Healing-Bars-of-consciousness-Henderson-NV.webp 500w, https:\/\/awhitucollective.nz\/wp-content\/uploads\/2025\/11\/Energy-Healing-Bars-of-consciousness-Henderson-NV-300x216.webp 300w\" sizes=\"auto, (max-width: 500px) 100vw, 500px\" \/><\/figure>\n<\/div>\n\n\n\n<div class=\"wp-block-column is-layout-flow wp-block-column-is-layout-flow\">\n<h2 class=\"wp-block-heading\">Meet Our Practitioners<\/h2>\n\n\n\n<p>The practitioners at \u0100whitu Hauora offer  a diverse range of expertise from ancient healing traditions to cutting-edge therapies.  All with a deep respect for the power of your body to heal.  By providing personalized care they will guide and support you on your path to optimal health.  <\/p>\n\n\n\n<p>To find out more about our practitioners, click over to our <a href=\"https:\/\/AwhituCollective.nz\/index.php\/awhitu-practitioners\/\">Practitioner page.<\/a> Or to read more about the modalities they offer, then visit our <a href=\"https:\/\/AwhituCollective.nz\/index.php\/awhitu-modalities\/\">Modalities page<\/a>.<\/p>\n<\/div>\n<\/div>\n\n\n\n<div style=\"height:100px\" aria-hidden=\"true\" class=\"wp-block-spacer\"><\/div>\n\n\n\n<div class=\"wp-block-group alignfull has-accent-3-background-color has-background is-vertical is-content-justification-center is-layout-flex wp-container-core-group-is-layout-623b1cb9 wp-block-group-is-layout-flex\" style=\"min-height:100vh;margin-top:0;margin-bottom:0;padding-top:var(--wp--preset--spacing--60);padding-right:var(--wp--preset--spacing--50);padding-bottom:var(--wp--preset--spacing--60);padding-left:var(--wp--preset--spacing--50)\">\n<div class=\"wp-block-group has-global-padding is-layout-constrained wp-block-group-is-layout-constrained\">\n<figure class=\"wp-block-image aligncenter size-full is-resized\"><img decoding=\"async\" src=\"https:\/\/s0.wp.com\/wp-content\/themes\/pub\/twentytwentyfour\/assets\/images\/icon-message.webp\" alt=\"\" style=\"object-fit:cover;width:45px;height:49px\"\/><\/figure>\n\n\n\n<div style=\"height:var(--wp--preset--spacing--10)\" aria-hidden=\"true\" class=\"wp-block-spacer\"><\/div>\n\n\n\n<h2 class=\"wp-block-heading has-text-align-center has-contrast-color has-text-color has-link-color has-x-large-font-size wp-elements-031c6f487787fcf1d72979944207adab\" style=\"margin-right:0;margin-left:0;padding-right:0;padding-left:0\">Join \u0100whitu Hauora<\/h2>\n\n\n\n<p>Interested in finding out more as a practitioner or a client? <\/p>\n\n\n\n<div style=\"height:16px\" aria-hidden=\"true\" class=\"wp-block-spacer\"><\/div>\n\n\n\n<div class=\"wp-block-buttons is-content-justification-center is-layout-flex wp-container-core-buttons-is-layout-a89b3969 wp-block-buttons-is-layout-flex\">\n<div class=\"wp-block-button\"><a class=\"wp-block-button__link wp-element-button\" href=\"mailto:awhi.tucollective@gmail.com\">Contact Us<\/a><\/div>\n<\/div>\n<\/div>\n<\/div>\n","protected":false},"excerpt":{"rendered":"<p>Discover Quality of Life The \u0100whitu Collective Hauora, Wellbeing and Education Centre seeks to be a transformational experience enhancing the life and wellness of individuals and the surrounding community. Taking a proactive and informed approach to understanding your body, identifying areas that need balance, and consciously choosing your wellness path empowers you to make choices [&hellip;]<\/p>\n","protected":false},"author":1,"featured_media":0,"parent":0,"menu_order":0,"comment_status":"closed","ping_status":"closed","template":"","meta":{"footnotes":""},"class_list":["post-1694","page","type-page","status-publish","hentry"],"yoast_head":"<!-- This site is optimized with the Yoast SEO plugin v27.4 - https:\/\/yoast.com\/product\/yoast-seo-wordpress\/ -->\n<title>\u0100whitu Collective Hauora - \u0100whitu Collective<\/title>\n<meta name=\"robots\" content=\"index, follow, max-snippet:-1, max-image-preview:large, max-video-preview:-1\" \/>\n<link rel=\"canonical\" href=\"https:\/\/AwhituCollective.nz\/index.php\/awhitu-hauora\/\" \/>\n<meta property=\"og:locale\" content=\"en_US\" \/>\n<meta property=\"og:type\" content=\"article\" \/>\n<meta property=\"og:title\" content=\"\u0100whitu Collective Hauora - \u0100whitu Collective\" \/>\n<meta property=\"og:description\" content=\"Discover Quality of Life The \u0100whitu Collective Hauora, Wellbeing and Education Centre seeks to be a transformational experience enhancing the life and wellness of individuals and the surrounding community. Taking a proactive and informed approach to understanding your body, identifying areas that need balance, and consciously choosing your wellness path empowers you to make choices [&hellip;]\" \/>\n<meta property=\"og:url\" content=\"https:\/\/AwhituCollective.nz\/index.php\/awhitu-hauora\/\" \/>\n<meta property=\"og:site_name\" content=\"\u0100whitu Collective\" \/>\n<meta property=\"article:modified_time\" content=\"2025-11-20T08:54:22+00:00\" \/>\n<meta property=\"og:image\" content=\"https:\/\/awhitucollective.nz\/wp-content\/uploads\/2025\/11\/Awhitu-CollectiveHauoraLogo.jpg\" \/>\n\t<meta property=\"og:image:width\" content=\"1594\" \/>\n\t<meta property=\"og:image:height\" content=\"1949\" \/>\n\t<meta property=\"og:image:type\" content=\"image\/jpeg\" \/>\n<meta name=\"twitter:card\" content=\"summary_large_image\" \/>\n<meta name=\"twitter:label1\" content=\"Est. reading time\" \/>\n\t<meta name=\"twitter:data1\" content=\"3 minutes\" \/>\n<script type=\"application\/ld+json\" class=\"yoast-schema-graph\">{\"@context\":\"https:\\\/\\\/schema.org\",\"@graph\":[{\"@type\":\"WebPage\",\"@id\":\"https:\\\/\\\/AwhituCollective.nz\\\/index.php\\\/awhitu-hauora\\\/\",\"url\":\"https:\\\/\\\/AwhituCollective.nz\\\/index.php\\\/awhitu-hauora\\\/\",\"name\":\"\u0100whitu Collective Hauora - \u0100whitu Collective\",\"isPartOf\":{\"@id\":\"https:\\\/\\\/AwhituCollective.nz\\\/#website\"},\"primaryImageOfPage\":{\"@id\":\"https:\\\/\\\/AwhituCollective.nz\\\/index.php\\\/awhitu-hauora\\\/#primaryimage\"},\"image\":{\"@id\":\"https:\\\/\\\/AwhituCollective.nz\\\/index.php\\\/awhitu-hauora\\\/#primaryimage\"},\"thumbnailUrl\":\"https:\\\/\\\/awhitucollective.nz\\\/wp-content\\\/uploads\\\/2025\\\/11\\\/Awhitu-CollectiveHauoraLogo-245x300.jpg\",\"datePublished\":\"2025-11-17T00:02:12+00:00\",\"dateModified\":\"2025-11-20T08:54:22+00:00\",\"breadcrumb\":{\"@id\":\"https:\\\/\\\/AwhituCollective.nz\\\/index.php\\\/awhitu-hauora\\\/#breadcrumb\"},\"inLanguage\":\"en-US\",\"potentialAction\":[{\"@type\":\"ReadAction\",\"target\":[\"https:\\\/\\\/AwhituCollective.nz\\\/index.php\\\/awhitu-hauora\\\/\"]}]},{\"@type\":\"ImageObject\",\"inLanguage\":\"en-US\",\"@id\":\"https:\\\/\\\/AwhituCollective.nz\\\/index.php\\\/awhitu-hauora\\\/#primaryimage\",\"url\":\"https:\\\/\\\/awhitucollective.nz\\\/wp-content\\\/uploads\\\/2025\\\/11\\\/Awhitu-CollectiveHauoraLogo-245x300.jpg\",\"contentUrl\":\"https:\\\/\\\/awhitucollective.nz\\\/wp-content\\\/uploads\\\/2025\\\/11\\\/Awhitu-CollectiveHauoraLogo-245x300.jpg\"},{\"@type\":\"BreadcrumbList\",\"@id\":\"https:\\\/\\\/AwhituCollective.nz\\\/index.php\\\/awhitu-hauora\\\/#breadcrumb\",\"itemListElement\":[{\"@type\":\"ListItem\",\"position\":1,\"name\":\"Home\",\"item\":\"https:\\\/\\\/AwhituCollective.nz\\\/\"},{\"@type\":\"ListItem\",\"position\":2,\"name\":\"\u0100whitu Collective Hauora\"}]},{\"@type\":\"WebSite\",\"@id\":\"https:\\\/\\\/AwhituCollective.nz\\\/#website\",\"url\":\"https:\\\/\\\/AwhituCollective.nz\\\/\",\"name\":\"\u0100whitu Collective\",\"description\":\"Embracing Community To Stand Together\",\"publisher\":{\"@id\":\"https:\\\/\\\/AwhituCollective.nz\\\/#organization\"},\"potentialAction\":[{\"@type\":\"SearchAction\",\"target\":{\"@type\":\"EntryPoint\",\"urlTemplate\":\"https:\\\/\\\/AwhituCollective.nz\\\/?s={search_term_string}\"},\"query-input\":{\"@type\":\"PropertyValueSpecification\",\"valueRequired\":true,\"valueName\":\"search_term_string\"}}],\"inLanguage\":\"en-US\"},{\"@type\":\"Organization\",\"@id\":\"https:\\\/\\\/AwhituCollective.nz\\\/#organization\",\"name\":\"\u0100whitu Collective\",\"url\":\"https:\\\/\\\/AwhituCollective.nz\\\/\",\"logo\":{\"@type\":\"ImageObject\",\"inLanguage\":\"en-US\",\"@id\":\"https:\\\/\\\/AwhituCollective.nz\\\/#\\\/schema\\\/logo\\\/image\\\/\",\"url\":\"https:\\\/\\\/awhitucollective.nz\\\/wp-content\\\/uploads\\\/2024\\\/05\\\/AwhiTuCollectiveLogo-1-1.jpg\",\"contentUrl\":\"https:\\\/\\\/awhitucollective.nz\\\/wp-content\\\/uploads\\\/2024\\\/05\\\/AwhiTuCollectiveLogo-1-1.jpg\",\"width\":1594,\"height\":1752,\"caption\":\"\u0100whitu Collective\"},\"image\":{\"@id\":\"https:\\\/\\\/AwhituCollective.nz\\\/#\\\/schema\\\/logo\\\/image\\\/\"}}]}<\/script>\n<!-- \/ Yoast SEO plugin. -->","yoast_head_json":{"title":"\u0100whitu Collective Hauora - \u0100whitu Collective","robots":{"index":"index","follow":"follow","max-snippet":"max-snippet:-1","max-image-preview":"max-image-preview:large","max-video-preview":"max-video-preview:-1"},"canonical":"https:\/\/AwhituCollective.nz\/index.php\/awhitu-hauora\/","og_locale":"en_US","og_type":"article","og_title":"\u0100whitu Collective Hauora - \u0100whitu Collective","og_description":"Discover Quality of Life The \u0100whitu Collective Hauora, Wellbeing and Education Centre seeks to be a transformational experience enhancing the life and wellness of individuals and the surrounding community. Taking a proactive and informed approach to understanding your body, identifying areas that need balance, and consciously choosing your wellness path empowers you to make choices [&hellip;]","og_url":"https:\/\/AwhituCollective.nz\/index.php\/awhitu-hauora\/","og_site_name":"\u0100whitu Collective","article_modified_time":"2025-11-20T08:54:22+00:00","og_image":[{"width":1594,"height":1949,"url":"https:\/\/awhitucollective.nz\/wp-content\/uploads\/2025\/11\/Awhitu-CollectiveHauoraLogo.jpg","type":"image\/jpeg"}],"twitter_card":"summary_large_image","twitter_misc":{"Est. reading time":"3 minutes"},"schema":{"@context":"https:\/\/schema.org","@graph":[{"@type":"WebPage","@id":"https:\/\/AwhituCollective.nz\/index.php\/awhitu-hauora\/","url":"https:\/\/AwhituCollective.nz\/index.php\/awhitu-hauora\/","name":"\u0100whitu Collective Hauora - \u0100whitu Collective","isPartOf":{"@id":"https:\/\/AwhituCollective.nz\/#website"},"primaryImageOfPage":{"@id":"https:\/\/AwhituCollective.nz\/index.php\/awhitu-hauora\/#primaryimage"},"image":{"@id":"https:\/\/AwhituCollective.nz\/index.php\/awhitu-hauora\/#primaryimage"},"thumbnailUrl":"https:\/\/awhitucollective.nz\/wp-content\/uploads\/2025\/11\/Awhitu-CollectiveHauoraLogo-245x300.jpg","datePublished":"2025-11-17T00:02:12+00:00","dateModified":"2025-11-20T08:54:22+00:00","breadcrumb":{"@id":"https:\/\/AwhituCollective.nz\/index.php\/awhitu-hauora\/#breadcrumb"},"inLanguage":"en-US","potentialAction":[{"@type":"ReadAction","target":["https:\/\/AwhituCollective.nz\/index.php\/awhitu-hauora\/"]}]},{"@type":"ImageObject","inLanguage":"en-US","@id":"https:\/\/AwhituCollective.nz\/index.php\/awhitu-hauora\/#primaryimage","url":"https:\/\/awhitucollective.nz\/wp-content\/uploads\/2025\/11\/Awhitu-CollectiveHauoraLogo-245x300.jpg","contentUrl":"https:\/\/awhitucollective.nz\/wp-content\/uploads\/2025\/11\/Awhitu-CollectiveHauoraLogo-245x300.jpg"},{"@type":"BreadcrumbList","@id":"https:\/\/AwhituCollective.nz\/index.php\/awhitu-hauora\/#breadcrumb","itemListElement":[{"@type":"ListItem","position":1,"name":"Home","item":"https:\/\/AwhituCollective.nz\/"},{"@type":"ListItem","position":2,"name":"\u0100whitu Collective Hauora"}]},{"@type":"WebSite","@id":"https:\/\/AwhituCollective.nz\/#website","url":"https:\/\/AwhituCollective.nz\/","name":"\u0100whitu Collective","description":"Embracing Community To Stand Together","publisher":{"@id":"https:\/\/AwhituCollective.nz\/#organization"},"potentialAction":[{"@type":"SearchAction","target":{"@type":"EntryPoint","urlTemplate":"https:\/\/AwhituCollective.nz\/?s={search_term_string}"},"query-input":{"@type":"PropertyValueSpecification","valueRequired":true,"valueName":"search_term_string"}}],"inLanguage":"en-US"},{"@type":"Organization","@id":"https:\/\/AwhituCollective.nz\/#organization","name":"\u0100whitu Collective","url":"https:\/\/AwhituCollective.nz\/","logo":{"@type":"ImageObject","inLanguage":"en-US","@id":"https:\/\/AwhituCollective.nz\/#\/schema\/logo\/image\/","url":"https:\/\/awhitucollective.nz\/wp-content\/uploads\/2024\/05\/AwhiTuCollectiveLogo-1-1.jpg","contentUrl":"https:\/\/awhitucollective.nz\/wp-content\/uploads\/2024\/05\/AwhiTuCollectiveLogo-1-1.jpg","width":1594,"height":1752,"caption":"\u0100whitu Collective"},"image":{"@id":"https:\/\/AwhituCollective.nz\/#\/schema\/logo\/image\/"}}]}},"_links":{"self":[{"href":"https:\/\/AwhituCollective.nz\/index.php\/wp-json\/wp\/v2\/pages\/1694","targetHints":{"allow":["GET"]}}],"collection":[{"href":"https:\/\/AwhituCollective.nz\/index.php\/wp-json\/wp\/v2\/pages"}],"about":[{"href":"https:\/\/AwhituCollective.nz\/index.php\/wp-json\/wp\/v2\/types\/page"}],"author":[{"embeddable":true,"href":"https:\/\/AwhituCollective.nz\/index.php\/wp-json\/wp\/v2\/users\/1"}],"replies":[{"embeddable":true,"href":"https:\/\/AwhituCollective.nz\/index.php\/wp-json\/wp\/v2\/comments?post=1694"}],"version-history":[{"count":8,"href":"https:\/\/AwhituCollective.nz\/index.php\/wp-json\/wp\/v2\/pages\/1694\/revisions"}],"predecessor-version":[{"id":1881,"href":"https:\/\/AwhituCollective.nz\/index.php\/wp-json\/wp\/v2\/pages\/1694\/revisions\/1881"}],"wp:attachment":[{"href":"https:\/\/AwhituCollective.nz\/index.php\/wp-json\/wp\/v2\/media?parent=1694"}],"curies":[{"name":"wp","href":"https:\/\/api.w.org\/{rel}","templated":true}]}}