{"id":211,"date":"2024-06-29T16:12:28","date_gmt":"2024-06-29T04:12:28","guid":{"rendered":"https:\/\/go40girl.wordpress.com\/?page_id=211"},"modified":"2026-01-21T06:11:39","modified_gmt":"2026-01-21T06:11:39","slug":"123-beach-cafe","status":"publish","type":"page","link":"https:\/\/AwhituCollective.nz\/index.php\/123-beach-cafe\/","title":{"rendered":"Caf\u00e9 123"},"content":{"rendered":"\n<div class=\"wp-block-group alignfull has-global-padding is-content-justification-center is-layout-constrained wp-container-core-group-is-layout-df757ecc wp-block-group-is-layout-constrained\" style=\"margin-top:0;margin-bottom:0;padding-top:calc( 0.5 * var(--wp--style--root--padding-right, var(--wp--custom--gap--horizontal)));padding-right:var(--wp--style--root--padding-right, var(--wp--custom--gap--horizontal));padding-bottom:calc( 0.5 * var(--wp--style--root--padding-right, var(--wp--custom--gap--horizontal)));padding-left:var(--wp--style--root--padding-left, var(--wp--custom--gap--horizontal))\">\n<figure class=\"wp-block-image alignfull size-full\"><img loading=\"lazy\" decoding=\"async\" width=\"2560\" height=\"1440\" src=\"https:\/\/awhitucollective.nz\/wp-content\/uploads\/2024\/12\/Cafe-visitors-scaled.jpg\" alt=\"Customers enjoying the sunshine at 123 Caf\u00e9\" class=\"wp-image-1110\" srcset=\"https:\/\/awhitucollective.nz\/wp-content\/uploads\/2024\/12\/Cafe-visitors-scaled.jpg 2560w, https:\/\/awhitucollective.nz\/wp-content\/uploads\/2024\/12\/Cafe-visitors-300x169.jpg 300w, https:\/\/awhitucollective.nz\/wp-content\/uploads\/2024\/12\/Cafe-visitors-1024x576.jpg 1024w, https:\/\/awhitucollective.nz\/wp-content\/uploads\/2024\/12\/Cafe-visitors-768x432.jpg 768w, https:\/\/awhitucollective.nz\/wp-content\/uploads\/2024\/12\/Cafe-visitors-1536x864.jpg 1536w, https:\/\/awhitucollective.nz\/wp-content\/uploads\/2024\/12\/Cafe-visitors-2048x1152.jpg 2048w\" sizes=\"auto, (max-width: 2560px) 100vw, 2560px\" \/><\/figure>\n\n\n\n<p class=\"has-text-align-left\">Caf\u00e9 123 opens its doors to offer our community and their friends the best of caf\u00e9 quality food. We also roast boutique blends of fair trade organic coffee beans so our customers can enjoy an excellent coffee brew without having to travel all the way to town.<\/p>\n\n\n\n<p class=\"has-text-align-left\">Our menu of deliciously tasty cakes, slices and blackboard specials may be small but they are authentically homemade. All our offerings are whipped up in our on-site kitchen.<\/p>\n\n\n\n<p class=\"has-text-align-left\">Where possible we utilise freshly picked, home-grown fruits and vegetables from local gardens and orchards.  Even the flowers that adorn the tables are carefully selected and arranged on your table just prior to opening.<\/p>\n\n\n\n<h2 class=\"wp-block-heading has-text-align-center\">A taste of Caf\u00e9 123 menu<\/h2>\n\n\n\n<p class=\"has-text-align-center\">Here&#8217;s a taste of our offerings at Caf\u00e9 123. Many of the vital ingredients for our signature dishes come fresh from the garden.  As a result, our dishes create a tasty and memorable country caf\u00e9 experience.<\/p>\n\n\n\n<div style=\"height:30px\" aria-hidden=\"true\" class=\"wp-block-spacer\"><\/div>\n\n\n\n<div class=\"wp-block-columns alignwide are-vertically-aligned-center is-layout-flex wp-container-core-columns-is-layout-28f84493 wp-block-columns-is-layout-flex\">\n<div class=\"wp-block-column is-vertically-aligned-center is-layout-flow wp-block-column-is-layout-flow\">\n<figure class=\"wp-block-image size-full is-resized\"><img loading=\"lazy\" decoding=\"async\" width=\"2268\" height=\"2257\" src=\"https:\/\/awhitucollective.nz\/wp-content\/uploads\/2024\/12\/Cafe-123-Carrot-cake.jpg\" alt=\"Caf\u00e9 123 Carrot Cake\" class=\"wp-image-1108\" style=\"object-fit:cover;width:311px;height:auto\" srcset=\"https:\/\/awhitucollective.nz\/wp-content\/uploads\/2024\/12\/Cafe-123-Carrot-cake.jpg 2268w, https:\/\/awhitucollective.nz\/wp-content\/uploads\/2024\/12\/Cafe-123-Carrot-cake-300x300.jpg 300w, https:\/\/awhitucollective.nz\/wp-content\/uploads\/2024\/12\/Cafe-123-Carrot-cake-1024x1019.jpg 1024w, https:\/\/awhitucollective.nz\/wp-content\/uploads\/2024\/12\/Cafe-123-Carrot-cake-150x150.jpg 150w, https:\/\/awhitucollective.nz\/wp-content\/uploads\/2024\/12\/Cafe-123-Carrot-cake-768x764.jpg 768w, https:\/\/awhitucollective.nz\/wp-content\/uploads\/2024\/12\/Cafe-123-Carrot-cake-1536x1529.jpg 1536w, https:\/\/awhitucollective.nz\/wp-content\/uploads\/2024\/12\/Cafe-123-Carrot-cake-2048x2038.jpg 2048w\" sizes=\"auto, (max-width: 2268px) 100vw, 2268px\" \/><\/figure>\n<\/div>\n\n\n\n<div class=\"wp-block-column is-vertically-aligned-center is-layout-flow wp-block-column-is-layout-flow\">\n<h3 class=\"wp-block-heading\">123 Carrot Cake<\/h3>\n\n\n\n<p>A community favorite, 123 Carrot Cake has just the right amount of spice. It truly is the best&nbsp;Carrot Cake around with its moist crumb and covering of moreish cream cheese frosting. And it pairs perfectly with 123 Boutique blends of coffee.<\/p>\n\n\n\n<p>Join our mailing list via the link below to be advised of our opening days and updates to our menu.<\/p>\n\n\n\n<div style=\"height:16px\" aria-hidden=\"true\" class=\"wp-block-spacer\"><\/div>\n<\/div>\n<\/div>\n\n\n\n<div class=\"wp-block-columns alignwide are-vertically-aligned-center is-layout-flex wp-container-core-columns-is-layout-28f84493 wp-block-columns-is-layout-flex\">\n<div class=\"wp-block-column is-vertically-aligned-center is-layout-flow wp-block-column-is-layout-flow\">\n<figure class=\"wp-block-image size-full is-resized\"><img loading=\"lazy\" decoding=\"async\" width=\"2560\" height=\"1707\" src=\"https:\/\/awhitucollective.nz\/wp-content\/uploads\/2024\/12\/mia-stern-R0ZhtSDG_FU-unsplash-scaled.jpg\" alt=\"\" class=\"wp-image-1034\" style=\"object-fit:cover;width:334px;height:auto\" srcset=\"https:\/\/awhitucollective.nz\/wp-content\/uploads\/2024\/12\/mia-stern-R0ZhtSDG_FU-unsplash-scaled.jpg 2560w, https:\/\/awhitucollective.nz\/wp-content\/uploads\/2024\/12\/mia-stern-R0ZhtSDG_FU-unsplash-300x200.jpg 300w, https:\/\/awhitucollective.nz\/wp-content\/uploads\/2024\/12\/mia-stern-R0ZhtSDG_FU-unsplash-1024x683.jpg 1024w, https:\/\/awhitucollective.nz\/wp-content\/uploads\/2024\/12\/mia-stern-R0ZhtSDG_FU-unsplash-768x512.jpg 768w, https:\/\/awhitucollective.nz\/wp-content\/uploads\/2024\/12\/mia-stern-R0ZhtSDG_FU-unsplash-1536x1024.jpg 1536w, https:\/\/awhitucollective.nz\/wp-content\/uploads\/2024\/12\/mia-stern-R0ZhtSDG_FU-unsplash-2048x1365.jpg 2048w\" sizes=\"auto, (max-width: 2560px) 100vw, 2560px\" \/><\/figure>\n<\/div>\n\n\n\n<div class=\"wp-block-column is-vertically-aligned-center is-layout-flow wp-block-column-is-layout-flow\">\n<h3 class=\"wp-block-heading\">Thai Inspired Pumpkin Soup<\/h3>\n\n\n\n<p>Looking for something deliciously spicy?  123 Caf\u00e9 Thai inspired pumpkin soup is described as having &#8216;mouthwatering exotic vibes.  No wonder it is fast becoming a winter warming staple on our blackboard menu.<\/p>\n\n\n\n<p>Join our mailing list via the link below to be advised of our opening days and updates to our menu.<\/p>\n\n\n\n<p class=\"has-small-font-size\">Photo by <a href=\"https:\/\/unsplash.com\/@miarussostern?utm_content=creditCopyText&amp;utm_medium=referral&amp;utm_source=unsplash\">Mia Stern<\/a> on <a href=\"https:\/\/unsplash.com\/photos\/two-bowls-of-soup-on-a-table-with-bread-R0ZhtSDG_FU?utm_content=creditCopyText&amp;utm_medium=referral&amp;utm_source=unsplash\">Unsplash<\/a><\/p>\n\n\n\n<div style=\"height:16px\" aria-hidden=\"true\" class=\"wp-block-spacer\"><\/div>\n<\/div>\n<\/div>\n\n\n\n<div class=\"wp-block-columns alignwide are-vertically-aligned-center is-layout-flex wp-container-core-columns-is-layout-28f84493 wp-block-columns-is-layout-flex\">\n<div class=\"wp-block-column is-vertically-aligned-center is-layout-flow wp-block-column-is-layout-flow\">\n<figure class=\"wp-block-image size-full is-resized\"><img loading=\"lazy\" decoding=\"async\" width=\"592\" height=\"520\" src=\"https:\/\/awhitucollective.nz\/wp-content\/uploads\/2024\/12\/Cafe123_Boutique.jpg\" alt=\"Caf\u00e9 123 Boutique Coffee Roasters\" class=\"wp-image-1035\" style=\"aspect-ratio:1;object-fit:cover;width:342px;height:auto\" srcset=\"https:\/\/awhitucollective.nz\/wp-content\/uploads\/2024\/12\/Cafe123_Boutique.jpg 592w, https:\/\/awhitucollective.nz\/wp-content\/uploads\/2024\/12\/Cafe123_Boutique-300x264.jpg 300w\" sizes=\"auto, (max-width: 592px) 100vw, 592px\" \/><\/figure>\n<\/div>\n\n\n\n<div class=\"wp-block-column is-vertically-aligned-center is-layout-flow wp-block-column-is-layout-flow\">\n<h3 class=\"wp-block-heading\">\u0100whitu Boutique Coffee Roasters<\/h3>\n\n\n\n<p>\u0100whitu Boutique Coffee Roasters source fair trade organic coffee beans to create our own specialty blends of coffee. Roasting in small batches on site at Cafe 123 ensures optimum quality and freshness.<\/p>\n\n\n\n<p class=\"has-text-align-left\">Join our mailing list via the link below to get updates of our opening days and updates to our menu.<\/p>\n\n\n\n<div style=\"height:16px\" aria-hidden=\"true\" class=\"wp-block-spacer\"><\/div>\n<\/div>\n<\/div>\n\n\n\n<div style=\"height:44px\" aria-hidden=\"true\" class=\"wp-block-spacer\"><\/div>\n\n\n\n<p class=\"has-text-align-left\">Cafe 123 not only serves the people of our community with tasty delights. It is also the main fundraising vehicle for \u0100whitu Collective. Funds raised are used to develop our <a href=\"https:\/\/awhitucollective.nz\/index.php\/awhi-tu-hauora\/\">\u0100whitu Collective Hauora<\/a> center, as well as helping us provide our other <a href=\"https:\/\/awhitucollective.nz\/index.php\/awhi-tu-collective-projects\/\">community based projects<\/a>.<\/p>\n\n\n\n<blockquote class=\"wp-block-quote is-layout-flow wp-block-quote-is-layout-flow\">\n<p class=\"has-text-align-center\">He aroha whakato he aroha puta mai<\/p>\n\n\n\n<p class=\"has-text-align-center has-small-font-size\">If kindness is sown, then kindness you shall receive<\/p>\n<\/blockquote>\n\n\n\n<p><\/p>\n\n\n\n<p class=\"has-text-align-left\">By signing up to our Caf\u00e9 123 mailing list, you will be advised of our caf\u00e9 opening days. We will also let you know updates to our mouth watering monthly menu. Additionally, you will be assisting us in helping our community. So, sign up and come join us at a 123 Caf\u00e9 day.<\/p>\n\n\n\n<p><\/p>\n\n\n\n<div class=\"wp-block-group alignfull has-accent-3-background-color has-background is-vertical is-content-justification-center is-layout-flex wp-container-core-group-is-layout-623b1cb9 wp-block-group-is-layout-flex\" style=\"min-height:100vh;margin-top:0;margin-bottom:0;padding-top:var(--wp--preset--spacing--60);padding-right:var(--wp--preset--spacing--50);padding-bottom:var(--wp--preset--spacing--60);padding-left:var(--wp--preset--spacing--50)\">\n<div class=\"wp-block-group has-global-padding is-layout-constrained wp-block-group-is-layout-constrained\">\n<figure class=\"wp-block-image aligncenter size-full is-resized\"><img decoding=\"async\" src=\"https:\/\/s0.wp.com\/wp-content\/themes\/pub\/twentytwentyfour\/assets\/images\/icon-message.webp\" alt=\"\" style=\"object-fit:cover;width:45px;height:49px\"\/><\/figure>\n\n\n\n<div style=\"height:var(--wp--preset--spacing--10)\" aria-hidden=\"true\" class=\"wp-block-spacer\"><\/div>\n\n\n\n<h2 class=\"wp-block-heading has-text-align-center has-contrast-color has-text-color has-link-color has-x-large-font-size wp-elements-d7dec2fa69fb7c2c7243336eaa6286d0\" style=\"margin-right:0;margin-left:0;padding-right:0;padding-left:0\">Join Us at Cafe 123<\/h2>\n\n\n\n<div style=\"height:var(--wp--preset--spacing--10)\" aria-hidden=\"true\" class=\"wp-block-spacer\"><\/div>\n\n\n\n<div class=\"wp-block-buttons is-content-justification-center is-layout-flex wp-container-core-buttons-is-layout-a89b3969 wp-block-buttons-is-layout-flex\">\n<div class=\"wp-block-button\"><a class=\"wp-block-button__link wp-element-button\" href=\"https:\/\/awhitucollective.nz\/index.php\/contact-awhi-tu-collective\/\" target=\"_blank\" rel=\"noreferrer noopener\">Add me to the mailing list<\/a><\/div>\n<\/div>\n<\/div>\n<\/div>\n\n\n\n<div style=\"height:50px\" aria-hidden=\"true\" class=\"wp-block-spacer\"><\/div>\n<\/div>\n","protected":false},"excerpt":{"rendered":"<p>Caf\u00e9 123 opens its doors to offer our community and their friends the best of caf\u00e9 quality food. We also roast boutique blends of fair trade organic coffee beans so our customers can enjoy an excellent coffee brew without having to travel all the way to town. Our menu of deliciously tasty cakes, slices and [&hellip;]<\/p>\n","protected":false},"author":1,"featured_media":0,"parent":0,"menu_order":0,"comment_status":"closed","ping_status":"closed","template":"","meta":{"footnotes":""},"class_list":["post-211","page","type-page","status-publish","hentry"],"yoast_head":"<!-- This site is optimized with the Yoast SEO plugin v27.4 - https:\/\/yoast.com\/product\/yoast-seo-wordpress\/ -->\n<title>Caf\u00e9 123 - \u0100whitu Collective<\/title>\n<meta name=\"robots\" content=\"index, follow, max-snippet:-1, max-image-preview:large, max-video-preview:-1\" \/>\n<link rel=\"canonical\" href=\"https:\/\/AwhituCollective.nz\/index.php\/123-beach-cafe\/\" \/>\n<meta property=\"og:locale\" content=\"en_US\" \/>\n<meta property=\"og:type\" content=\"article\" \/>\n<meta property=\"og:title\" content=\"Caf\u00e9 123 - \u0100whitu Collective\" \/>\n<meta property=\"og:description\" content=\"Caf\u00e9 123 opens its doors to offer our community and their friends the best of caf\u00e9 quality food. We also roast boutique blends of fair trade organic coffee beans so our customers can enjoy an excellent coffee brew without having to travel all the way to town. Our menu of deliciously tasty cakes, slices and [&hellip;]\" \/>\n<meta property=\"og:url\" content=\"https:\/\/AwhituCollective.nz\/index.php\/123-beach-cafe\/\" \/>\n<meta property=\"og:site_name\" content=\"\u0100whitu Collective\" \/>\n<meta property=\"article:modified_time\" content=\"2026-01-21T06:11:39+00:00\" \/>\n<meta property=\"og:image\" content=\"https:\/\/awhitucollective.nz\/wp-content\/uploads\/2024\/12\/Cafe-visitors-scaled.jpg\" \/>\n\t<meta property=\"og:image:width\" content=\"2560\" \/>\n\t<meta property=\"og:image:height\" content=\"1440\" \/>\n\t<meta property=\"og:image:type\" content=\"image\/jpeg\" \/>\n<meta name=\"twitter:card\" content=\"summary_large_image\" \/>\n<meta name=\"twitter:label1\" content=\"Est. reading time\" \/>\n\t<meta name=\"twitter:data1\" content=\"3 minutes\" \/>\n<script type=\"application\/ld+json\" class=\"yoast-schema-graph\">{\"@context\":\"https:\\\/\\\/schema.org\",\"@graph\":[{\"@type\":\"WebPage\",\"@id\":\"https:\\\/\\\/AwhituCollective.nz\\\/index.php\\\/123-beach-cafe\\\/\",\"url\":\"https:\\\/\\\/AwhituCollective.nz\\\/index.php\\\/123-beach-cafe\\\/\",\"name\":\"Caf\u00e9 123 - \u0100whitu Collective\",\"isPartOf\":{\"@id\":\"https:\\\/\\\/AwhituCollective.nz\\\/#website\"},\"primaryImageOfPage\":{\"@id\":\"https:\\\/\\\/AwhituCollective.nz\\\/index.php\\\/123-beach-cafe\\\/#primaryimage\"},\"image\":{\"@id\":\"https:\\\/\\\/AwhituCollective.nz\\\/index.php\\\/123-beach-cafe\\\/#primaryimage\"},\"thumbnailUrl\":\"https:\\\/\\\/awhitucollective.nz\\\/wp-content\\\/uploads\\\/2024\\\/12\\\/Cafe-visitors-scaled.jpg\",\"datePublished\":\"2024-06-29T04:12:28+00:00\",\"dateModified\":\"2026-01-21T06:11:39+00:00\",\"breadcrumb\":{\"@id\":\"https:\\\/\\\/AwhituCollective.nz\\\/index.php\\\/123-beach-cafe\\\/#breadcrumb\"},\"inLanguage\":\"en-US\",\"potentialAction\":[{\"@type\":\"ReadAction\",\"target\":[\"https:\\\/\\\/AwhituCollective.nz\\\/index.php\\\/123-beach-cafe\\\/\"]}]},{\"@type\":\"ImageObject\",\"inLanguage\":\"en-US\",\"@id\":\"https:\\\/\\\/AwhituCollective.nz\\\/index.php\\\/123-beach-cafe\\\/#primaryimage\",\"url\":\"https:\\\/\\\/awhitucollective.nz\\\/wp-content\\\/uploads\\\/2024\\\/12\\\/Cafe-visitors-scaled.jpg\",\"contentUrl\":\"https:\\\/\\\/awhitucollective.nz\\\/wp-content\\\/uploads\\\/2024\\\/12\\\/Cafe-visitors-scaled.jpg\"},{\"@type\":\"BreadcrumbList\",\"@id\":\"https:\\\/\\\/AwhituCollective.nz\\\/index.php\\\/123-beach-cafe\\\/#breadcrumb\",\"itemListElement\":[{\"@type\":\"ListItem\",\"position\":1,\"name\":\"Home\",\"item\":\"https:\\\/\\\/AwhituCollective.nz\\\/\"},{\"@type\":\"ListItem\",\"position\":2,\"name\":\"Caf\u00e9 123\"}]},{\"@type\":\"WebSite\",\"@id\":\"https:\\\/\\\/AwhituCollective.nz\\\/#website\",\"url\":\"https:\\\/\\\/AwhituCollective.nz\\\/\",\"name\":\"\u0100whitu Collective\",\"description\":\"Embracing Community To Stand Together\",\"publisher\":{\"@id\":\"https:\\\/\\\/AwhituCollective.nz\\\/#organization\"},\"potentialAction\":[{\"@type\":\"SearchAction\",\"target\":{\"@type\":\"EntryPoint\",\"urlTemplate\":\"https:\\\/\\\/AwhituCollective.nz\\\/?s={search_term_string}\"},\"query-input\":{\"@type\":\"PropertyValueSpecification\",\"valueRequired\":true,\"valueName\":\"search_term_string\"}}],\"inLanguage\":\"en-US\"},{\"@type\":\"Organization\",\"@id\":\"https:\\\/\\\/AwhituCollective.nz\\\/#organization\",\"name\":\"\u0100whitu Collective\",\"url\":\"https:\\\/\\\/AwhituCollective.nz\\\/\",\"logo\":{\"@type\":\"ImageObject\",\"inLanguage\":\"en-US\",\"@id\":\"https:\\\/\\\/AwhituCollective.nz\\\/#\\\/schema\\\/logo\\\/image\\\/\",\"url\":\"https:\\\/\\\/awhitucollective.nz\\\/wp-content\\\/uploads\\\/2024\\\/05\\\/AwhiTuCollectiveLogo-1-1.jpg\",\"contentUrl\":\"https:\\\/\\\/awhitucollective.nz\\\/wp-content\\\/uploads\\\/2024\\\/05\\\/AwhiTuCollectiveLogo-1-1.jpg\",\"width\":1594,\"height\":1752,\"caption\":\"\u0100whitu Collective\"},\"image\":{\"@id\":\"https:\\\/\\\/AwhituCollective.nz\\\/#\\\/schema\\\/logo\\\/image\\\/\"}}]}<\/script>\n<!-- \/ Yoast SEO plugin. -->","yoast_head_json":{"title":"Caf\u00e9 123 - \u0100whitu Collective","robots":{"index":"index","follow":"follow","max-snippet":"max-snippet:-1","max-image-preview":"max-image-preview:large","max-video-preview":"max-video-preview:-1"},"canonical":"https:\/\/AwhituCollective.nz\/index.php\/123-beach-cafe\/","og_locale":"en_US","og_type":"article","og_title":"Caf\u00e9 123 - \u0100whitu Collective","og_description":"Caf\u00e9 123 opens its doors to offer our community and their friends the best of caf\u00e9 quality food. We also roast boutique blends of fair trade organic coffee beans so our customers can enjoy an excellent coffee brew without having to travel all the way to town. Our menu of deliciously tasty cakes, slices and [&hellip;]","og_url":"https:\/\/AwhituCollective.nz\/index.php\/123-beach-cafe\/","og_site_name":"\u0100whitu Collective","article_modified_time":"2026-01-21T06:11:39+00:00","og_image":[{"width":2560,"height":1440,"url":"https:\/\/awhitucollective.nz\/wp-content\/uploads\/2024\/12\/Cafe-visitors-scaled.jpg","type":"image\/jpeg"}],"twitter_card":"summary_large_image","twitter_misc":{"Est. reading time":"3 minutes"},"schema":{"@context":"https:\/\/schema.org","@graph":[{"@type":"WebPage","@id":"https:\/\/AwhituCollective.nz\/index.php\/123-beach-cafe\/","url":"https:\/\/AwhituCollective.nz\/index.php\/123-beach-cafe\/","name":"Caf\u00e9 123 - \u0100whitu Collective","isPartOf":{"@id":"https:\/\/AwhituCollective.nz\/#website"},"primaryImageOfPage":{"@id":"https:\/\/AwhituCollective.nz\/index.php\/123-beach-cafe\/#primaryimage"},"image":{"@id":"https:\/\/AwhituCollective.nz\/index.php\/123-beach-cafe\/#primaryimage"},"thumbnailUrl":"https:\/\/awhitucollective.nz\/wp-content\/uploads\/2024\/12\/Cafe-visitors-scaled.jpg","datePublished":"2024-06-29T04:12:28+00:00","dateModified":"2026-01-21T06:11:39+00:00","breadcrumb":{"@id":"https:\/\/AwhituCollective.nz\/index.php\/123-beach-cafe\/#breadcrumb"},"inLanguage":"en-US","potentialAction":[{"@type":"ReadAction","target":["https:\/\/AwhituCollective.nz\/index.php\/123-beach-cafe\/"]}]},{"@type":"ImageObject","inLanguage":"en-US","@id":"https:\/\/AwhituCollective.nz\/index.php\/123-beach-cafe\/#primaryimage","url":"https:\/\/awhitucollective.nz\/wp-content\/uploads\/2024\/12\/Cafe-visitors-scaled.jpg","contentUrl":"https:\/\/awhitucollective.nz\/wp-content\/uploads\/2024\/12\/Cafe-visitors-scaled.jpg"},{"@type":"BreadcrumbList","@id":"https:\/\/AwhituCollective.nz\/index.php\/123-beach-cafe\/#breadcrumb","itemListElement":[{"@type":"ListItem","position":1,"name":"Home","item":"https:\/\/AwhituCollective.nz\/"},{"@type":"ListItem","position":2,"name":"Caf\u00e9 123"}]},{"@type":"WebSite","@id":"https:\/\/AwhituCollective.nz\/#website","url":"https:\/\/AwhituCollective.nz\/","name":"\u0100whitu Collective","description":"Embracing Community To Stand Together","publisher":{"@id":"https:\/\/AwhituCollective.nz\/#organization"},"potentialAction":[{"@type":"SearchAction","target":{"@type":"EntryPoint","urlTemplate":"https:\/\/AwhituCollective.nz\/?s={search_term_string}"},"query-input":{"@type":"PropertyValueSpecification","valueRequired":true,"valueName":"search_term_string"}}],"inLanguage":"en-US"},{"@type":"Organization","@id":"https:\/\/AwhituCollective.nz\/#organization","name":"\u0100whitu Collective","url":"https:\/\/AwhituCollective.nz\/","logo":{"@type":"ImageObject","inLanguage":"en-US","@id":"https:\/\/AwhituCollective.nz\/#\/schema\/logo\/image\/","url":"https:\/\/awhitucollective.nz\/wp-content\/uploads\/2024\/05\/AwhiTuCollectiveLogo-1-1.jpg","contentUrl":"https:\/\/awhitucollective.nz\/wp-content\/uploads\/2024\/05\/AwhiTuCollectiveLogo-1-1.jpg","width":1594,"height":1752,"caption":"\u0100whitu Collective"},"image":{"@id":"https:\/\/AwhituCollective.nz\/#\/schema\/logo\/image\/"}}]}},"_links":{"self":[{"href":"https:\/\/AwhituCollective.nz\/index.php\/wp-json\/wp\/v2\/pages\/211","targetHints":{"allow":["GET"]}}],"collection":[{"href":"https:\/\/AwhituCollective.nz\/index.php\/wp-json\/wp\/v2\/pages"}],"about":[{"href":"https:\/\/AwhituCollective.nz\/index.php\/wp-json\/wp\/v2\/types\/page"}],"author":[{"embeddable":true,"href":"https:\/\/AwhituCollective.nz\/index.php\/wp-json\/wp\/v2\/users\/1"}],"replies":[{"embeddable":true,"href":"https:\/\/AwhituCollective.nz\/index.php\/wp-json\/wp\/v2\/comments?post=211"}],"version-history":[{"count":13,"href":"https:\/\/AwhituCollective.nz\/index.php\/wp-json\/wp\/v2\/pages\/211\/revisions"}],"predecessor-version":[{"id":1961,"href":"https:\/\/AwhituCollective.nz\/index.php\/wp-json\/wp\/v2\/pages\/211\/revisions\/1961"}],"wp:attachment":[{"href":"https:\/\/AwhituCollective.nz\/index.php\/wp-json\/wp\/v2\/media?parent=211"}],"curies":[{"name":"wp","href":"https:\/\/api.w.org\/{rel}","templated":true}]}}